{"id":17,"date":"2017-08-21T21:40:23","date_gmt":"2017-08-21T21:40:23","guid":{"rendered":"http:\/\/djg-duesseldorf.de\/?page_id=17"},"modified":"2021-01-06T00:15:01","modified_gmt":"2021-01-06T00:15:01","slug":"information","status":"publish","type":"page","link":"https:\/\/djg-duesseldorf.de\/?page_id=17","title":{"rendered":"\u00dcber uns"},"content":{"rendered":"<p>Die Deutsch-Japanische Gesellschaft am Niederrhein e.V. sieht ihre Aufgabe in erster Linie darin, Menschen beider Nationalit\u00e4ten zusammenzuf\u00fchren, deren Bem\u00fchen es ist, Fremdes zu verbinden und Trennendes zu \u00fcberwinden und Freundschaft und Kommunikation untereinander zu f\u00f6rdern. Wir schaffen durch gesellschaftliche Begegnung und Veranstaltungen zu Themen aus der Kultur, Wirtschaft und Politik pers\u00f6nliche Kontakte zwischen den japanischen und deutschen Mitb\u00fcrgerinnen und Mitb\u00fcrgern. Ausstellungen, Theater- und Konzertbesuche bereichern unser Programm. Gemeinsame Feste sind wichtige Bestandteile unserer gesellschaftlichen Aktivit\u00e4ten.<\/p>\n<p>Die Deutsch-Japanische Gesellschaft am Niederrhein e.V. wurde am 06. November 1964 in D\u00fcsseldorf als gemeinn\u00fctziger Verein gegr\u00fcndet. Die Gesellschaft ist aus einem Mittagstisch hervorgegangen, der deutsche und japanische Gesch\u00e4ftsleute zu wirtschaftspolitischen Gespr\u00e4chen zusammenf\u00fchrte.<br \/>\nDer gemeinsame Wunsch nach st\u00e4rkerem kulturellem Austausch und gesellschaftlicher Begegnung f\u00fchrte zur Gr\u00fcndung des Vereins.<\/p>\n<p>Die DJG war 2008 Gr\u00fcndungsmitglied des Verbandes der Deutsch-Japanischen Gesellschaften e.V. (VDJG) und ist aktiv in die Arbeit des Verbandes eingebunden.<\/p>\n<p>Der Freundeskreis Meerbusch-Shijonawate ist Teil unserer DJG.<br \/>\nMehr \u00fcber die Aktivit\u00e4ten dieser Gruppe erfahren Sie auf deren <a href=\"https:\/\/www.meerbusch-shijonawate.de\/wordpress\/\">Webseite<\/a>.<br \/>\nWenn Sie dort aktiv werden m\u00f6chten, werden Sie bei uns Mitglied und markieren das entsprechende K\u00e4stchen in der Beitrittserkl\u00e4rung.<\/p>\n<p>Wir freuen uns \u00fcber jegliche Art der Unterst\u00fctzung! Sprechen Sie uns an!&nbsp;<\/p>\n<p><a href=\"http:\/\/djg-duesseldorf.de\/wp-content\/uploads\/2017\/08\/DJG-Flyer.pdf\">DJG Flyer<\/a><\/p>\n<p>Wir freuen uns, wenn Sie Mitglied werden wollen:<br \/>\n<a href=\"https:\/\/djg-duesseldorf.de\/wp-content\/uploads\/2021\/01\/Beitrittserklaerung-DJG.pdf\">Beitrittserkl\u00e4rung DJG<\/a><\/p>\n<p>Sollten Sie Mitglied sein und sich etwas an Ihren Daten ge\u00e4ndert haben, teilen Sie uns das bitte mit: <a href=\"https:\/\/djg-duesseldorf.de\/wp-content\/uploads\/2021\/01\/Aenderungsformular-DJG.pdf\">\u00c4nderungsformular DJG<\/a><\/p>\n<p>Wir freuen uns, wenn Sie uns die Verwaltungsarbeit erleichtern und am SEPA-Lastschriftverfahren teilenhmen: <a href=\"http:\/\/djg-duesseldorf.de\/wp-content\/uploads\/2018\/01\/SEPA-Lastschrift-DJG.pdf\">SEPA-Lastschrift DJG<\/a><\/p>\n<p>Und hier finden Sie unsere <a href=\"https:\/\/djg-duesseldorf.de\/wp-content\/uploads\/2021\/01\/DJG-am-Niederrhein-Satzung.pdf\">Satzung<\/a>.<\/p>\n","protected":false},"excerpt":{"rendered":"<p>Die Deutsch-Japanische Gesellschaft am Niederrhein e.V. sieht ihre Aufgabe in erster Linie darin, Menschen beider Nationalit\u00e4ten zusammenzuf\u00fchren, deren Bem\u00fchen es ist, Fremdes zu verbinden und Trennendes zu \u00fcberwinden und Freundschaft &#8230;<\/p>\n","protected":false},"author":1,"featured_media":125,"parent":0,"menu_order":0,"comment_status":"closed","ping_status":"closed","template":"","meta":{"ngg_post_thumbnail":0,"footnotes":""},"class_list":["post-17","page","type-page","status-publish","has-post-thumbnail","hentry"],"_links":{"self":[{"href":"https:\/\/djg-duesseldorf.de\/index.php?rest_route=\/wp\/v2\/pages\/17","targetHints":{"allow":["GET"]}}],"collection":[{"href":"https:\/\/djg-duesseldorf.de\/index.php?rest_route=\/wp\/v2\/pages"}],"about":[{"href":"https:\/\/djg-duesseldorf.de\/index.php?rest_route=\/wp\/v2\/types\/page"}],"author":[{"embeddable":true,"href":"https:\/\/djg-duesseldorf.de\/index.php?rest_route=\/wp\/v2\/users\/1"}],"replies":[{"embeddable":true,"href":"https:\/\/djg-duesseldorf.de\/index.php?rest_route=%2Fwp%2Fv2%2Fcomments&post=17"}],"version-history":[{"count":27,"href":"https:\/\/djg-duesseldorf.de\/index.php?rest_route=\/wp\/v2\/pages\/17\/revisions"}],"predecessor-version":[{"id":696,"href":"https:\/\/djg-duesseldorf.de\/index.php?rest_route=\/wp\/v2\/pages\/17\/revisions\/696"}],"wp:featuredmedia":[{"embeddable":true,"href":"https:\/\/djg-duesseldorf.de\/index.php?rest_route=\/wp\/v2\/media\/125"}],"wp:attachment":[{"href":"https:\/\/djg-duesseldorf.de\/index.php?rest_route=%2Fwp%2Fv2%2Fmedia&parent=17"}],"curies":[{"name":"wp","href":"https:\/\/api.w.org\/{rel}","templated":true}]}}